{"id":2011,"date":"2022-02-17T11:04:39","date_gmt":"2022-02-17T10:04:39","guid":{"rendered":"https:\/\/migueltuarquitectura.com\/legal-notice\/"},"modified":"2026-03-25T11:55:03","modified_gmt":"2026-03-25T10:55:03","slug":"legal-notice","status":"publish","type":"page","link":"https:\/\/migueltuarquitectura.com\/en\/legal-notice\/","title":{"rendered":"Legal Notice"},"content":{"rendered":"<h1>Legal Notice<\/h1>\n<p>&nbsp;<\/p>\n<h2><strong>Details of the responsible person<\/strong><\/h2>\n<ul>\n<li>Identity of the responsible person: Miguel \u00c1ngel Rodr\u00edguez Rodr\u00edguez.<\/li>\n<li>Trade name: Miguel TuArquitectura Studio.<\/li>\n<li>NIF\/CIF: 29492348T<\/li>\n<li>Address: Avenida de Andaluc\u00eda, 5, de Punta Umbr\u00eda (Huelva)<\/li>\n<li>Email: <a href=\"mailto:miguel@tuarquitectura.com\">miguel@tuarquitectura.com<\/a><\/li>\n<\/ul>\n<p>&nbsp;<\/p>\n<p>In this section, you will find all the information relating to the legal terms and conditions that define the relationship between users and me as the person responsible for this website. As a user, it is important that you are familiar with these terms before continuing to browse the site.<\/p>\n<p>Estudio Miguel TuArquitectura (Miguel \u00c1ngel Rodr\u00edguez Rodr\u00edguez), as the entity responsible for this website, undertakes to process user and customer information with full guarantees and to comply with national and European requirements governing the collection and use of personal data.<\/p>\n<p>This website therefore strictly complies with Regulation (EU) 2016\/679 of the European Parliament and of the Council of 27 April 2016 on the protection of natural persons (GDPR), Organic Law 3\/2018 of 5 December on the Protection of Personal Data and Guarantee of Digital Rights (LOPDGDD), as well as Law 34\/2002 of 11 July on Information Society Services and Electronic Commerce (LSSICE or LSSI).<\/p>\n<p>&nbsp;<\/p>\n<h2><strong>General terms and conditions of use<\/strong><\/h2>\n<p>These General Terms and Conditions govern the use (including mere access) of the pages comprising the Estudio Miguel TuArquitectura website, including the content and services made available therein. Any person accessing the website migueltuarquitectura.com (\u2018user\u2019) agrees to be bound by the General Terms and Conditions in force at any given time on the portal <a href=\"https:\/\/migueltuarquitectura.com\/en\/\">www.migueltuarquitectura.com.<\/a><\/p>\n<p>&nbsp;<\/p>\n<h2>Personal data I collect and how I do it<\/h2>\n<p>Read Privacy Policy.<\/p>\n<p>&nbsp;<\/p>\n<h2>Commitments and obligations of users<\/h2>\n<p>The user is informed and accepts that access to this website does not in any way imply the beginning of a commercial relationship with Estudio Miguel TuArquitectura. The user therefore agrees to use the website, its services and content without contravening current legislation, good faith and public order.<\/p>\n<p>The use of the website for unlawful or harmful purposes, or in any way that may cause damage or prevent the normal functioning of the site, is prohibited. With regard to the contents of this website, the following is prohibited:<\/p>\n<ul>\n<li>Its reproduction, distribution or modification, in whole or in part, unless authorised by me as the legitimate owner;<\/li>\n<li>Any infringement of the rights of the provider or of me as the legitimate owner;<\/li>\n<li>Its use for commercial or advertising purposes.<\/li>\n<\/ul>\n<p>&nbsp;<\/p>\n<p>When using the website www.migueltuarquitectura.com, the user agrees not to engage in any conduct that could damage the image, interests, and rights of Miguel \u00c1ngel Rodr\u00edguez Rodr\u00edguez or third parties, or that could damage, render useless, or overload the portal <a href=\"https:\/\/migueltuarquitectura.com\/en\/\"><strong>www.migueltuarquitectura.com,<\/strong><\/a> or that could in any way prevent the normal use of the website.<\/p>\n<p>However, users should be aware that the security measures of computer systems on the Internet are not entirely reliable and that, therefore, <a href=\"http:\/\/www.migueltuarquitectura.\">www.migueltuarquitectura.com<\/a> cannot guarantee the absence of malware or other elements that may cause alterations in the user&#8217;s computer systems (software and hardware) or in their electronic documents and files contained therein, although I use all necessary means and appropriate security measures to prevent the presence of these harmful elements.<\/p>\n<p>&nbsp;<\/p>\n<h2>Safety measures<\/h2>\n<p>The personal data communicated by the user to Miguel TuArquitectura may be stored in automated or non-automated databases, which are the exclusive property of Miguel \u00c1ngel Rodr\u00edguez Rodr\u00edguez, who assumes all technical, organisational and security measures to ensure the confidentiality, integrity and quality of the information contained therein in accordance with the provisions of current data protection regulations.<\/p>\n<p>&nbsp;<\/p>\n<h2>Dispute resolution platform<\/h2>\n<p>I also make available to users the dispute resolution platform provided by the European Commission, which can be found at the following link: <a href=\"http:\/\/ec.europa.eu\/consumers\/odr\/\" target=\"_blank\" rel=\"noopener\">http:\/\/ec.europa.eu\/consumers\/odr\/.<\/a><\/p>\n<p>&nbsp;<\/p>\n<h2>Intellectual and industrial property rights<\/h2>\n<p>Under the Intellectual Property Law, the reproduction, distribution and public communication, including making available, of all or part of the contents of this website for commercial purposes, in any medium and by any technical means, without the authorisation of Miguel \u00c1ngel Rodr\u00edguez Rodr\u00edguez, is expressly prohibited. The user undertakes to respect the intellectual and industrial property rights owned by Miguel \u00c1ngel Rodr\u00edguez Rodr\u00edguez.<\/p>\n<p>The user acknowledges and accepts that the entire website, including but not limited to the text, software, content (including its structure, selection, arrangement and presentation), podcasts, photographs, audiovisual material and graphics, is protected by trademarks, copyright and other legitimate rights, in accordance with international treaties to which Spain is a party and other property rights and laws of Spain.<\/p>\n<p>In the event that a user or third party considers that their legitimate intellectual property rights have been violated by the inclusion of certain content on the website, they must notify Estudio Miguel TuArquitectura of this circumstance, indicating:<\/p>\n<ul>\n<li style=\"font-weight: 400;\" aria-level=\"1\"><span style=\"font-weight: 400;\">Personal details of the person concerned who owns the rights allegedly infringed, or indicate the representation with which they are acting if the claim is submitted by a third party other than the person concerned.<\/span><\/li>\n<li style=\"font-weight: 400;\" aria-level=\"1\"><span style=\"font-weight: 400;\">Indicate the content protected by intellectual property rights and its location on the website, proof of the intellectual property rights indicated, and an express statement in which the interested party takes responsibility for the accuracy of the information provided in the notification.<\/span><\/li>\n<\/ul>\n<p>&nbsp;<\/p>\n<h2>Comment policy<\/h2>\n<p>Comments are permitted on my website to enrich the content and ask questions.<\/p>\n<p>Comments that are not related to the subject matter of this website, that include defamation, insults, personal attacks or general disrespect towards the author or other members will not be permitted. Such comments will be deleted by the website administrators.<\/p>\n<p>Comments containing information that is obviously misleading or false will also be deleted, as will comments containing personal information, such as private addresses or telephone numbers, which violate our data protection policy.<\/p>\n<p>Comments created solely for the purpose of promoting a website, person or group, and anything that could be considered spam in general, will also be rejected.<\/p>\n<p>Anonymous comments are not permitted, nor are comments made by the same person using different nicknames. Comments that attempt to force a debate or force another user to take a position will also not be considered.<\/p>\n<p>&nbsp;<\/p>\n<h2>Disclaimer of warranties and liability<\/h2>\n<p><strong>Estudio Miguel TuArquitectura (Miguel \u00c1ngel Rodr\u00edguez Rodr\u00edguez) does not grant any guarantee nor is it liable, under any circumstances, for damages of any kind that may arise from:<\/strong><\/p>\n<ul>\n<li>The lack of availability, maintenance and effective functioning of the website, or its services and content;<\/li>\n<li>The existence of malware, malicious or harmful programmes in the content;<\/li>\n<li>Any unlawful, negligent, fraudulent use or use contrary to this Legal Notice;<\/li>\n<li>The lack of legality, quality, reliability, usefulness and availability of the services provided by third parties and made available to users on the website.<\/li>\n<li>The provider shall not be held liable under any circumstances for any damages that may arise from the illegal or improper use of this website.<\/li>\n<\/ul>\n<p>&nbsp;<\/p>\n<h2>Applicable legislation and jurisdiction<\/h2>\n<p>In general, relations between Miguel \u00c1ngel Rodr\u00edguez Rodr\u00edguez and users of its telematic services, present on this website, are subject to Spanish law and the courts and tribunals of Huelva.<\/p>\n<p>&nbsp;<\/p>\n<h2>Contact us<\/h2>\n<p>If any user has any questions about these Legal Conditions or any comments about the <a href=\"https:\/\/migueltuarquitectura.com\/en\/\">www.migueltuarquitectura.com<\/a> portal, please contact <a href=\"mailto:miguel@tuarquitectura.com\">miguel@tuarquitectura.com.<\/a><\/p>\n<p>The legal notice was last updated on 25 marzo 2026.<\/p>\n","protected":false},"excerpt":{"rendered":"<p>Legal Notice &nbsp; Details of the responsible person Identity of the responsible person: Miguel \u00c1ngel Rodr\u00edguez Rodr\u00edguez. Trade name: Miguel TuArquitectura Studio. NIF\/CIF: 29492348T Address: Avenida de Andaluc\u00eda, 5, de Punta Umbr\u00eda (Huelva) Email: miguel@tuarquitectura.com &nbsp; In this section, you will find all the information relating to the legal terms and conditions that define the&hellip;<\/p>\n","protected":false},"author":1,"featured_media":0,"parent":0,"menu_order":0,"comment_status":"closed","ping_status":"closed","template":"","meta":{"_acf_changed":false,"footnotes":""},"class_list":["post-2011","page","type-page","status-publish","hentry","description-off"],"acf":[],"_links":{"self":[{"href":"https:\/\/migueltuarquitectura.com\/en\/wp-json\/wp\/v2\/pages\/2011","targetHints":{"allow":["GET"]}}],"collection":[{"href":"https:\/\/migueltuarquitectura.com\/en\/wp-json\/wp\/v2\/pages"}],"about":[{"href":"https:\/\/migueltuarquitectura.com\/en\/wp-json\/wp\/v2\/types\/page"}],"author":[{"embeddable":true,"href":"https:\/\/migueltuarquitectura.com\/en\/wp-json\/wp\/v2\/users\/1"}],"replies":[{"embeddable":true,"href":"https:\/\/migueltuarquitectura.com\/en\/wp-json\/wp\/v2\/comments?post=2011"}],"version-history":[{"count":2,"href":"https:\/\/migueltuarquitectura.com\/en\/wp-json\/wp\/v2\/pages\/2011\/revisions"}],"predecessor-version":[{"id":2145,"href":"https:\/\/migueltuarquitectura.com\/en\/wp-json\/wp\/v2\/pages\/2011\/revisions\/2145"}],"wp:attachment":[{"href":"https:\/\/migueltuarquitectura.com\/en\/wp-json\/wp\/v2\/media?parent=2011"}],"curies":[{"name":"wp","href":"https:\/\/api.w.org\/{rel}","templated":true}]}}