{"id":2012,"date":"2022-02-17T10:04:37","date_gmt":"2022-02-17T09:04:37","guid":{"rendered":"https:\/\/migueltuarquitectura.com\/privacy-policy\/"},"modified":"2022-02-17T10:04:37","modified_gmt":"2022-02-17T09:04:37","slug":"privacy-policy","status":"publish","type":"page","link":"https:\/\/migueltuarquitectura.com\/en\/privacy-policy\/","title":{"rendered":"Privacy Policy"},"content":{"rendered":"<h1>PRIVACY POLICY<\/h1>\n<p>&nbsp;<\/p>\n<p>This website does not collect personal data from users without their knowledge, nor is it transferred to third parties.<\/p>\n<p>In order to offer you the best service and to facilitate use, the number of pages visited, the number of visits, as well as the activity of visitors and their frequency of use are analysed. For these purposes, Miguel \u00c1ngel Rodr\u00edguez Rodr\u00edguez uses statistical information compiled by the Internet Service Provider. <\/p>\n<p>Miguel \u00c1ngel Rodr\u00edguez does not use cookies to collect information from users, nor does it record IP addresses. Only its own session cookies are used for technical purposes (those that enable navigation through the website and the use of the various options and services available on it). <\/p>\n<p>This page may contain links to third-party websites, whose privacy policies are unrelated to that of Miguel \u00c1ngel Rodr\u00edguez. By accessing such websites, you can decide whether to accept their privacy and cookie policies. In general, when browsing the internet, you can accept or reject third-party cookies from your browser settings.  <\/p>\n<p>&nbsp;<\/p>\n<h2><strong>PERSONAL DATA PROTECTION POLICY<\/strong><\/h2>\n<p>&nbsp;<\/p>\n<p>Below, we inform you about the data protection policy of this website.<\/p>\n<p><strong><u>Data controller<\/u><\/strong><\/p>\n<p>Any personal data that may be collected directly from the interested party will be treated confidentially and will be incorporated into a file owned by Miguel \u00c1ngel Rodr\u00edguez.<\/p>\n<p><strong><u>Purpose<\/u><\/strong><\/p>\n<p>The sole purpose of the personal data collected by this website is to establish a commercial relationship for the provision of the services offered therein, including commercial information, quotations, contracts, and invoicing.<\/p>\n<p><strong><u>Legitimacy<\/u><\/strong><\/p>\n<p>The processing of your data is carried out for the fulfilment of legal obligations by Miguel \u00c1ngel Rodr\u00edguez.<\/p>\n<p><strong><u>Data retention<\/u><\/strong><\/p>\n<p>The personal data provided will be kept for the time necessary to fulfil the purpose for which it was collected and to determine any possible liabilities that may arise from that purpose, in addition to the periods established in the regulations on archives and documentation.<\/p>\n<p><strong><u>Data communication<\/u><\/strong><\/p>\n<p>Personal data will not be disclosed to third parties, except where legally required.<\/p>\n<p><strong><u>Rights of data subjects<\/u><\/strong><\/p>\n<p>To request access, rectification, deletion or limitation of the processing of personal data or to oppose the processing, in the event that the requirements established in the General Data Protection Regulation, as well as in Organic Law 3\/2018, of 5 December, on Personal Data Protection and Guarantee of Digital Rights, are met, you may write to the data controller, Miguel \u00c1ngel Rodr\u00edguez Rodr\u00edguez, at <strong><a href=\"mailto:miguel@tuarquitectura.com\">miguel@tuarquitectura.com.<\/a><\/strong><\/p>\n","protected":false},"excerpt":{"rendered":"<p>PRIVACY POLICY &nbsp; This website does not collect personal data from users without their knowledge, nor is it transferred to third parties. In order to offer you the best service and to facilitate use, the number of pages visited, the number of visits, as well as the activity of visitors and their frequency of use&hellip;<\/p>\n","protected":false},"author":1,"featured_media":0,"parent":0,"menu_order":0,"comment_status":"closed","ping_status":"closed","template":"","meta":{"_acf_changed":false,"footnotes":""},"class_list":["post-2012","page","type-page","status-publish","hentry","description-off"],"acf":[],"_links":{"self":[{"href":"https:\/\/migueltuarquitectura.com\/en\/wp-json\/wp\/v2\/pages\/2012","targetHints":{"allow":["GET"]}}],"collection":[{"href":"https:\/\/migueltuarquitectura.com\/en\/wp-json\/wp\/v2\/pages"}],"about":[{"href":"https:\/\/migueltuarquitectura.com\/en\/wp-json\/wp\/v2\/types\/page"}],"author":[{"embeddable":true,"href":"https:\/\/migueltuarquitectura.com\/en\/wp-json\/wp\/v2\/users\/1"}],"replies":[{"embeddable":true,"href":"https:\/\/migueltuarquitectura.com\/en\/wp-json\/wp\/v2\/comments?post=2012"}],"version-history":[{"count":0,"href":"https:\/\/migueltuarquitectura.com\/en\/wp-json\/wp\/v2\/pages\/2012\/revisions"}],"wp:attachment":[{"href":"https:\/\/migueltuarquitectura.com\/en\/wp-json\/wp\/v2\/media?parent=2012"}],"curies":[{"name":"wp","href":"https:\/\/api.w.org\/{rel}","templated":true}]}}